{"id":1153,"date":"2021-10-13T15:44:13","date_gmt":"2021-10-13T13:44:13","guid":{"rendered":"https:\/\/egma.si\/sonstiges\/"},"modified":"2021-10-13T15:53:21","modified_gmt":"2021-10-13T13:53:21","slug":"sonstiges","status":"publish","type":"page","link":"https:\/\/egma.si\/de\/sonstiges\/","title":{"rendered":"Sonstiges"},"content":{"rendered":"\t\t<div data-elementor-type=\"wp-page\" data-elementor-id=\"1153\" class=\"elementor elementor-1153\">\n\t\t\t\t\t\t\t\t\t<section class=\"elementor-section elementor-top-section elementor-element elementor-element-6b8a4853 elementor-section-height-min-height elementor-section-boxed elementor-section-height-default elementor-section-items-middle\" data-id=\"6b8a4853\" data-element_type=\"section\" data-settings=\"{&quot;background_background&quot;:&quot;classic&quot;}\">\n\t\t\t\t\t\t\t<div class=\"elementor-background-overlay\"><\/div>\n\t\t\t\t\t\t\t<div class=\"elementor-container elementor-column-gap-default\">\n\t\t\t\t\t<div class=\"elementor-column elementor-col-100 elementor-top-column elementor-element elementor-element-44bf0057\" data-id=\"44bf0057\" data-element_type=\"column\">\n\t\t\t<div class=\"elementor-widget-wrap elementor-element-populated\">\n\t\t\t\t\t\t\t\t<div class=\"elementor-element elementor-element-28ee4a55 elementor-widget elementor-widget-heading\" data-id=\"28ee4a55\" data-element_type=\"widget\" data-widget_type=\"heading.default\">\n\t\t\t\t<div class=\"elementor-widget-container\">\n\t\t\t<h2 class=\"elementor-heading-title elementor-size-default\">Sonstiges<\/h2>\t\t<\/div>\n\t\t\t\t<\/div>\n\t\t\t\t\t<\/div>\n\t\t<\/div>\n\t\t\t\t\t\t\t<\/div>\n\t\t<\/section>\n\t\t\t\t<section class=\"elementor-section elementor-top-section elementor-element elementor-element-70bbf688 elementor-section-content-middle elementor-reverse-tablet elementor-section-boxed elementor-section-height-default elementor-section-height-default\" data-id=\"70bbf688\" data-element_type=\"section\">\n\t\t\t\t\t\t<div class=\"elementor-container elementor-column-gap-wider\">\n\t\t\t\t\t<div class=\"elementor-column elementor-col-50 elementor-top-column elementor-element elementor-element-52267fa1\" data-id=\"52267fa1\" data-element_type=\"column\">\n\t\t\t<div class=\"elementor-widget-wrap elementor-element-populated\">\n\t\t\t\t\t\t\t\t<div class=\"elementor-element elementor-element-6e5cf920 elementor-invisible elementor-widget elementor-widget-heading\" data-id=\"6e5cf920\" data-element_type=\"widget\" data-settings=\"{&quot;_animation&quot;:&quot;fadeInUp&quot;}\" data-widget_type=\"heading.default\">\n\t\t\t\t<div class=\"elementor-widget-container\">\n\t\t\t<h2 class=\"elementor-heading-title elementor-size-default\">Angebot:<\/h2>\t\t<\/div>\n\t\t\t\t<\/div>\n\t\t\t\t<div class=\"elementor-element elementor-element-16d6fee2 elementor-invisible elementor-widget elementor-widget-text-editor\" data-id=\"16d6fee2\" data-element_type=\"widget\" data-settings=\"{&quot;_animation&quot;:&quot;fadeInUp&quot;}\" data-widget_type=\"text-editor.default\">\n\t\t\t\t<div class=\"elementor-widget-container\">\n\t\t\t\t\t\t\t<p><span style=\"font-weight: 400;\">&#8211; Montage \/ Demontage von Industriemaschinen, Anlagen und Ger\u00e4ten<\/span><\/p><p><span style=\"font-weight: 400;\">&#8211; Wartungsarbeiten in der Industrie und an Anlagen<\/span><\/p><p><span style=\"font-weight: 400;\">&#8211; Anschl\u00fcsse an Ger\u00e4ten \/ Arbeitsmaschinen<\/span><\/p><p><span style=\"font-weight: 400;\">&#8211; Anschl\u00fcsse von Elektromotoren gem\u00e4\u00df Start- \/ Betriebsdiagrammen<\/span><\/p><p><span style=\"font-weight: 400;\">&#8211; Beratung bei Elektroinstallationen und Projekten<\/span><\/p><p><span style=\"font-weight: 400;\">&#8211; Vermittlung beim Verkauf von Elektromaterial<\/span><\/p><p><span style=\"font-weight: 400;\">&#8211; Schlossert\u00e4tigkeiten<\/span><\/p><p><span style=\"font-weight: 400;\">&#8211; WIG \/ MIG-Schwei\u00dfen<\/span><\/p>\t\t\t\t\t\t<\/div>\n\t\t\t\t<\/div>\n\t\t\t\t\t<\/div>\n\t\t<\/div>\n\t\t\t\t<div class=\"elementor-column elementor-col-50 elementor-top-column elementor-element elementor-element-73fdac31\" data-id=\"73fdac31\" data-element_type=\"column\">\n\t\t\t<div class=\"elementor-widget-wrap elementor-element-populated\">\n\t\t\t\t\t\t\t\t<div class=\"elementor-element elementor-element-43defb83 elementor-widget elementor-widget-image\" data-id=\"43defb83\" data-element_type=\"widget\" data-widget_type=\"image.default\">\n\t\t\t\t<div class=\"elementor-widget-container\">\n\t\t\t\t\t\t\t\t\t\t\t\t\t\t\t<img loading=\"lazy\" decoding=\"async\" width=\"1920\" height=\"1440\" src=\"https:\/\/egma.si\/wp-content\/uploads\/2021\/06\/slika7.jpg\" class=\"attachment-full size-full wp-image-718\" alt=\"\" srcset=\"https:\/\/egma.si\/wp-content\/uploads\/2021\/06\/slika7.jpg 1920w, https:\/\/egma.si\/wp-content\/uploads\/2021\/06\/slika7-300x225.jpg 300w, https:\/\/egma.si\/wp-content\/uploads\/2021\/06\/slika7-1024x768.jpg 1024w, https:\/\/egma.si\/wp-content\/uploads\/2021\/06\/slika7-768x576.jpg 768w, https:\/\/egma.si\/wp-content\/uploads\/2021\/06\/slika7-1536x1152.jpg 1536w\" sizes=\"auto, (max-width: 1920px) 100vw, 1920px\" \/>\t\t\t\t\t\t\t\t\t\t\t\t\t\t\t<\/div>\n\t\t\t\t<\/div>\n\t\t\t\t\t<\/div>\n\t\t<\/div>\n\t\t\t\t\t\t\t<\/div>\n\t\t<\/section>\n\t\t\t\t<section class=\"elementor-section elementor-top-section elementor-element elementor-element-608d1cf3 elementor-section-content-middle elementor-reverse-tablet elementor-reverse-mobile elementor-section-boxed elementor-section-height-default elementor-section-height-default\" data-id=\"608d1cf3\" data-element_type=\"section\">\n\t\t\t\t\t\t<div class=\"elementor-container elementor-column-gap-default\">\n\t\t\t\t\t<div class=\"elementor-column elementor-col-100 elementor-top-column elementor-element elementor-element-2c613942\" data-id=\"2c613942\" data-element_type=\"column\">\n\t\t\t<div class=\"elementor-widget-wrap elementor-element-populated\">\n\t\t\t\t\t\t\t\t<div class=\"elementor-element elementor-element-25c7b17f elementor-widget elementor-widget-gallery\" data-id=\"25c7b17f\" data-element_type=\"widget\" data-settings=\"{&quot;lazyload&quot;:&quot;yes&quot;,&quot;gallery_layout&quot;:&quot;grid&quot;,&quot;columns&quot;:4,&quot;columns_tablet&quot;:2,&quot;columns_mobile&quot;:1,&quot;gap&quot;:{&quot;unit&quot;:&quot;px&quot;,&quot;size&quot;:10,&quot;sizes&quot;:[]},&quot;gap_tablet&quot;:{&quot;unit&quot;:&quot;px&quot;,&quot;size&quot;:10,&quot;sizes&quot;:[]},&quot;gap_mobile&quot;:{&quot;unit&quot;:&quot;px&quot;,&quot;size&quot;:10,&quot;sizes&quot;:[]},&quot;link_to&quot;:&quot;file&quot;,&quot;aspect_ratio&quot;:&quot;3:2&quot;,&quot;overlay_background&quot;:&quot;yes&quot;,&quot;content_hover_animation&quot;:&quot;fade-in&quot;}\" data-widget_type=\"gallery.default\">\n\t\t\t\t<div class=\"elementor-widget-container\">\n\t\t\t\t\t<div class=\"elementor-gallery__container\">\n\t\t\t\t\t\t\t<a class=\"e-gallery-item elementor-gallery-item elementor-animated-content\" href=\"https:\/\/egma.si\/wp-content\/uploads\/2021\/06\/slika5.jpg\" data-elementor-open-lightbox=\"yes\" data-elementor-lightbox-slideshow=\"all-25c7b17f\" data-elementor-lightbox-title=\"slika5\" data-e-action-hash=\"#elementor-action%3Aaction%3Dlightbox%26settings%3DeyJpZCI6Mjk5LCJ1cmwiOiJodHRwczpcL1wvZWdtYS5zaVwvd3AtY29udGVudFwvdXBsb2Fkc1wvMjAyMVwvMDZcL3NsaWthNS5qcGciLCJzbGlkZXNob3ciOiJhbGwtMjVjN2IxN2YifQ%3D%3D\">\n\t\t\t\t\t<div class=\"e-gallery-image elementor-gallery-item__image\" data-thumbnail=\"https:\/\/egma.si\/wp-content\/uploads\/2021\/06\/slika5.jpg\" data-width=\"1920\" data-height=\"1280\" aria-label=\"\" role=\"img\" ><\/div>\n\t\t\t\t\t\t\t\t\t\t\t<div class=\"elementor-gallery-item__overlay\"><\/div>\n\t\t\t\t\t\t\t\t\t\t\t\t\t\t<\/a>\n\t\t\t\t\t\t\t<a class=\"e-gallery-item elementor-gallery-item elementor-animated-content\" href=\"https:\/\/egma.si\/wp-content\/uploads\/2021\/06\/slika4.jpg\" data-elementor-open-lightbox=\"yes\" data-elementor-lightbox-slideshow=\"all-25c7b17f\" data-elementor-lightbox-title=\"slika4\" data-e-action-hash=\"#elementor-action%3Aaction%3Dlightbox%26settings%3DeyJpZCI6MzAwLCJ1cmwiOiJodHRwczpcL1wvZWdtYS5zaVwvd3AtY29udGVudFwvdXBsb2Fkc1wvMjAyMVwvMDZcL3NsaWthNC5qcGciLCJzbGlkZXNob3ciOiJhbGwtMjVjN2IxN2YifQ%3D%3D\">\n\t\t\t\t\t<div class=\"e-gallery-image elementor-gallery-item__image\" data-thumbnail=\"https:\/\/egma.si\/wp-content\/uploads\/2021\/06\/slika4.jpg\" data-width=\"1920\" data-height=\"1280\" aria-label=\"\" role=\"img\" ><\/div>\n\t\t\t\t\t\t\t\t\t\t\t<div class=\"elementor-gallery-item__overlay\"><\/div>\n\t\t\t\t\t\t\t\t\t\t\t\t\t\t<\/a>\n\t\t\t\t\t\t\t<a class=\"e-gallery-item elementor-gallery-item elementor-animated-content\" href=\"https:\/\/egma.si\/wp-content\/uploads\/2021\/06\/slika3.jpg\" data-elementor-open-lightbox=\"yes\" data-elementor-lightbox-slideshow=\"all-25c7b17f\" data-elementor-lightbox-title=\"slika3\" data-e-action-hash=\"#elementor-action%3Aaction%3Dlightbox%26settings%3DeyJpZCI6MzAxLCJ1cmwiOiJodHRwczpcL1wvZWdtYS5zaVwvd3AtY29udGVudFwvdXBsb2Fkc1wvMjAyMVwvMDZcL3NsaWthMy5qcGciLCJzbGlkZXNob3ciOiJhbGwtMjVjN2IxN2YifQ%3D%3D\">\n\t\t\t\t\t<div class=\"e-gallery-image elementor-gallery-item__image\" data-thumbnail=\"https:\/\/egma.si\/wp-content\/uploads\/2021\/06\/slika3.jpg\" data-width=\"1920\" data-height=\"1439\" aria-label=\"\" role=\"img\" ><\/div>\n\t\t\t\t\t\t\t\t\t\t\t<div class=\"elementor-gallery-item__overlay\"><\/div>\n\t\t\t\t\t\t\t\t\t\t\t\t\t\t<\/a>\n\t\t\t\t\t\t\t<a class=\"e-gallery-item elementor-gallery-item elementor-animated-content\" href=\"https:\/\/egma.si\/wp-content\/uploads\/2021\/06\/slika2.jpg\" data-elementor-open-lightbox=\"yes\" data-elementor-lightbox-slideshow=\"all-25c7b17f\" data-elementor-lightbox-title=\"slika2\" data-e-action-hash=\"#elementor-action%3Aaction%3Dlightbox%26settings%3DeyJpZCI6MzAyLCJ1cmwiOiJodHRwczpcL1wvZWdtYS5zaVwvd3AtY29udGVudFwvdXBsb2Fkc1wvMjAyMVwvMDZcL3NsaWthMi5qcGciLCJzbGlkZXNob3ciOiJhbGwtMjVjN2IxN2YifQ%3D%3D\">\n\t\t\t\t\t<div class=\"e-gallery-image elementor-gallery-item__image\" data-thumbnail=\"https:\/\/egma.si\/wp-content\/uploads\/2021\/06\/slika2.jpg\" data-width=\"1920\" data-height=\"1280\" aria-label=\"\" role=\"img\" ><\/div>\n\t\t\t\t\t\t\t\t\t\t\t<div class=\"elementor-gallery-item__overlay\"><\/div>\n\t\t\t\t\t\t\t\t\t\t\t\t\t\t<\/a>\n\t\t\t\t\t\t\t<a class=\"e-gallery-item elementor-gallery-item elementor-animated-content\" href=\"https:\/\/egma.si\/wp-content\/uploads\/2021\/06\/slika1.jpg\" data-elementor-open-lightbox=\"yes\" data-elementor-lightbox-slideshow=\"all-25c7b17f\" data-elementor-lightbox-title=\"slika1\" data-e-action-hash=\"#elementor-action%3Aaction%3Dlightbox%26settings%3DeyJpZCI6MzAzLCJ1cmwiOiJodHRwczpcL1wvZWdtYS5zaVwvd3AtY29udGVudFwvdXBsb2Fkc1wvMjAyMVwvMDZcL3NsaWthMS5qcGciLCJzbGlkZXNob3ciOiJhbGwtMjVjN2IxN2YifQ%3D%3D\">\n\t\t\t\t\t<div class=\"e-gallery-image elementor-gallery-item__image\" data-thumbnail=\"https:\/\/egma.si\/wp-content\/uploads\/2021\/06\/slika1.jpg\" data-width=\"1920\" data-height=\"1280\" aria-label=\"\" role=\"img\" ><\/div>\n\t\t\t\t\t\t\t\t\t\t\t<div class=\"elementor-gallery-item__overlay\"><\/div>\n\t\t\t\t\t\t\t\t\t\t\t\t\t\t<\/a>\n\t\t\t\t\t\t\t<a class=\"e-gallery-item elementor-gallery-item elementor-animated-content\" href=\"https:\/\/egma.si\/wp-content\/uploads\/2021\/06\/IMG-20210621-WA0097.jpg\" data-elementor-open-lightbox=\"yes\" data-elementor-lightbox-slideshow=\"all-25c7b17f\" data-elementor-lightbox-title=\"IMG-20210621-WA0097\" data-e-action-hash=\"#elementor-action%3Aaction%3Dlightbox%26settings%3DeyJpZCI6MzM3LCJ1cmwiOiJodHRwczpcL1wvZWdtYS5zaVwvd3AtY29udGVudFwvdXBsb2Fkc1wvMjAyMVwvMDZcL0lNRy0yMDIxMDYyMS1XQTAwOTcuanBnIiwic2xpZGVzaG93IjoiYWxsLTI1YzdiMTdmIn0%3D\">\n\t\t\t\t\t<div class=\"e-gallery-image elementor-gallery-item__image\" data-thumbnail=\"https:\/\/egma.si\/wp-content\/uploads\/2021\/06\/IMG-20210621-WA0097.jpg\" data-width=\"757\" data-height=\"1600\" aria-label=\"\" role=\"img\" ><\/div>\n\t\t\t\t\t\t\t\t\t\t\t<div class=\"elementor-gallery-item__overlay\"><\/div>\n\t\t\t\t\t\t\t\t\t\t\t\t\t\t<\/a>\n\t\t\t\t\t\t\t<a class=\"e-gallery-item elementor-gallery-item elementor-animated-content\" href=\"https:\/\/egma.si\/wp-content\/uploads\/2021\/06\/slika9.jpg\" data-elementor-open-lightbox=\"yes\" data-elementor-lightbox-slideshow=\"all-25c7b17f\" data-elementor-lightbox-title=\"slika9\" data-e-action-hash=\"#elementor-action%3Aaction%3Dlightbox%26settings%3DeyJpZCI6Mjk1LCJ1cmwiOiJodHRwczpcL1wvZWdtYS5zaVwvd3AtY29udGVudFwvdXBsb2Fkc1wvMjAyMVwvMDZcL3NsaWthOS5qcGciLCJzbGlkZXNob3ciOiJhbGwtMjVjN2IxN2YifQ%3D%3D\">\n\t\t\t\t\t<div class=\"e-gallery-image elementor-gallery-item__image\" data-thumbnail=\"https:\/\/egma.si\/wp-content\/uploads\/2021\/06\/slika9.jpg\" data-width=\"1920\" data-height=\"1285\" aria-label=\"\" role=\"img\" ><\/div>\n\t\t\t\t\t\t\t\t\t\t\t<div class=\"elementor-gallery-item__overlay\"><\/div>\n\t\t\t\t\t\t\t\t\t\t\t\t\t\t<\/a>\n\t\t\t\t\t\t\t<a class=\"e-gallery-item elementor-gallery-item elementor-animated-content\" href=\"https:\/\/egma.si\/wp-content\/uploads\/2021\/05\/WP_20170512_06_25_55_Pro.jpg\" data-elementor-open-lightbox=\"yes\" data-elementor-lightbox-slideshow=\"all-25c7b17f\" data-elementor-lightbox-title=\"WP_20170512_06_25_55_Pro\" data-e-action-hash=\"#elementor-action%3Aaction%3Dlightbox%26settings%3DeyJpZCI6MjU5LCJ1cmwiOiJodHRwczpcL1wvZWdtYS5zaVwvd3AtY29udGVudFwvdXBsb2Fkc1wvMjAyMVwvMDVcL1dQXzIwMTcwNTEyXzA2XzI1XzU1X1Byby5qcGciLCJzbGlkZXNob3ciOiJhbGwtMjVjN2IxN2YifQ%3D%3D\">\n\t\t\t\t\t<div class=\"e-gallery-image elementor-gallery-item__image\" data-thumbnail=\"https:\/\/egma.si\/wp-content\/uploads\/2021\/05\/WP_20170512_06_25_55_Pro.jpg\" data-width=\"1829\" data-height=\"1029\" aria-label=\"\" role=\"img\" ><\/div>\n\t\t\t\t\t\t\t\t\t\t\t<div class=\"elementor-gallery-item__overlay\"><\/div>\n\t\t\t\t\t\t\t\t\t\t\t\t\t\t<\/a>\n\t\t\t\t\t<\/div>\n\t\t\t<\/div>\n\t\t\t\t<\/div>\n\t\t\t\t\t<\/div>\n\t\t<\/div>\n\t\t\t\t\t\t\t<\/div>\n\t\t<\/section>\n\t\t\t\t\t\t\t<\/div>\n\t\t","protected":false},"excerpt":{"rendered":"<p>Sonstiges Angebot: &#8211; Montage \/ Demontage von Industriemaschinen, Anlagen und Ger\u00e4ten &#8211; Wartungsarbeiten in der Industrie und an Anlagen &#8211; Anschl\u00fcsse an Ger\u00e4ten \/ Arbeitsmaschinen &#8211; Anschl\u00fcsse von Elektromotoren gem\u00e4\u00df Start- \/ Betriebsdiagrammen &#8211; Beratung bei Elektroinstallationen und Projekten &#8211; Vermittlung beim Verkauf von Elektromaterial &#8211; Schlossert\u00e4tigkeiten &#8211; WIG \/ MIG-Schwei\u00dfen<\/p>\n","protected":false},"author":1,"featured_media":0,"parent":0,"menu_order":0,"comment_status":"closed","ping_status":"closed","template":"elementor_header_footer","meta":{"spay_email":"","footnotes":""},"class_list":["post-1153","page","type-page","status-publish","hentry"],"yoast_head":"<!-- This site is optimized with the Yoast SEO plugin v16.9 - https:\/\/yoast.com\/wordpress\/plugins\/seo\/ -->\n<title>Sonstiges - Egma - elektro in\u0161talacije<\/title>\n<meta name=\"robots\" content=\"index, follow, max-snippet:-1, max-image-preview:large, max-video-preview:-1\" \/>\n<link rel=\"canonical\" href=\"https:\/\/egma.si\/de\/sonstiges\/\" \/>\n<meta property=\"og:locale\" content=\"de_DE\" \/>\n<meta property=\"og:type\" content=\"article\" \/>\n<meta property=\"og:title\" content=\"Sonstiges - Egma - elektro in\u0161talacije\" \/>\n<meta property=\"og:description\" content=\"Sonstiges Angebot: &#8211; Montage \/ Demontage von Industriemaschinen, Anlagen und Ger\u00e4ten &#8211; Wartungsarbeiten in der Industrie und an Anlagen &#8211; Anschl\u00fcsse an Ger\u00e4ten \/ Arbeitsmaschinen &#8211; Anschl\u00fcsse von Elektromotoren gem\u00e4\u00df Start- \/ Betriebsdiagrammen &#8211; Beratung bei Elektroinstallationen und Projekten &#8211; Vermittlung beim Verkauf von Elektromaterial &#8211; Schlossert\u00e4tigkeiten &#8211; WIG \/ MIG-Schwei\u00dfen\" \/>\n<meta property=\"og:url\" content=\"https:\/\/egma.si\/de\/sonstiges\/\" \/>\n<meta property=\"og:site_name\" content=\"Egma - elektro in\u0161talacije\" \/>\n<meta property=\"article:modified_time\" content=\"2021-10-13T13:53:21+00:00\" \/>\n<meta property=\"og:image\" content=\"https:\/\/egma.si\/wp-content\/uploads\/2021\/06\/slika7.jpg\" \/>\n<meta name=\"twitter:card\" content=\"summary_large_image\" \/>\n<meta name=\"twitter:label1\" content=\"Gesch\u00e4tzte Lesezeit\" \/>\n\t<meta name=\"twitter:data1\" content=\"1\u00a0Minute\" \/>\n<script type=\"application\/ld+json\" class=\"yoast-schema-graph\">{\"@context\":\"https:\/\/schema.org\",\"@graph\":[{\"@type\":\"WebSite\",\"@id\":\"https:\/\/egma.si\/#website\",\"url\":\"https:\/\/egma.si\/\",\"name\":\"Egma - elektro in\\u0161talacije\",\"description\":\"\",\"potentialAction\":[{\"@type\":\"SearchAction\",\"target\":{\"@type\":\"EntryPoint\",\"urlTemplate\":\"https:\/\/egma.si\/?s={search_term_string}\"},\"query-input\":\"required name=search_term_string\"}],\"inLanguage\":\"de\"},{\"@type\":\"ImageObject\",\"@id\":\"https:\/\/egma.si\/de\/sonstiges\/#primaryimage\",\"inLanguage\":\"de\",\"url\":\"https:\/\/egma.si\/wp-content\/uploads\/2021\/06\/slika7.jpg\",\"contentUrl\":\"https:\/\/egma.si\/wp-content\/uploads\/2021\/06\/slika7.jpg\",\"width\":1920,\"height\":1440},{\"@type\":\"WebPage\",\"@id\":\"https:\/\/egma.si\/de\/sonstiges\/#webpage\",\"url\":\"https:\/\/egma.si\/de\/sonstiges\/\",\"name\":\"Sonstiges - Egma - elektro in\\u0161talacije\",\"isPartOf\":{\"@id\":\"https:\/\/egma.si\/#website\"},\"primaryImageOfPage\":{\"@id\":\"https:\/\/egma.si\/de\/sonstiges\/#primaryimage\"},\"datePublished\":\"2021-10-13T13:44:13+00:00\",\"dateModified\":\"2021-10-13T13:53:21+00:00\",\"breadcrumb\":{\"@id\":\"https:\/\/egma.si\/de\/sonstiges\/#breadcrumb\"},\"inLanguage\":\"de\",\"potentialAction\":[{\"@type\":\"ReadAction\",\"target\":[\"https:\/\/egma.si\/de\/sonstiges\/\"]}]},{\"@type\":\"BreadcrumbList\",\"@id\":\"https:\/\/egma.si\/de\/sonstiges\/#breadcrumb\",\"itemListElement\":[{\"@type\":\"ListItem\",\"position\":1,\"name\":\"Po\\u010detna stranica\",\"item\":\"https:\/\/egma.si\/de\/\"},{\"@type\":\"ListItem\",\"position\":2,\"name\":\"Sonstiges\"}]}]}<\/script>\n<!-- \/ Yoast SEO plugin. -->","yoast_head_json":{"title":"Sonstiges - Egma - elektro in\u0161talacije","robots":{"index":"index","follow":"follow","max-snippet":"max-snippet:-1","max-image-preview":"max-image-preview:large","max-video-preview":"max-video-preview:-1"},"canonical":"https:\/\/egma.si\/de\/sonstiges\/","og_locale":"de_DE","og_type":"article","og_title":"Sonstiges - Egma - elektro in\u0161talacije","og_description":"Sonstiges Angebot: &#8211; Montage \/ Demontage von Industriemaschinen, Anlagen und Ger\u00e4ten &#8211; Wartungsarbeiten in der Industrie und an Anlagen &#8211; Anschl\u00fcsse an Ger\u00e4ten \/ Arbeitsmaschinen &#8211; Anschl\u00fcsse von Elektromotoren gem\u00e4\u00df Start- \/ Betriebsdiagrammen &#8211; Beratung bei Elektroinstallationen und Projekten &#8211; Vermittlung beim Verkauf von Elektromaterial &#8211; Schlossert\u00e4tigkeiten &#8211; WIG \/ MIG-Schwei\u00dfen","og_url":"https:\/\/egma.si\/de\/sonstiges\/","og_site_name":"Egma - elektro in\u0161talacije","article_modified_time":"2021-10-13T13:53:21+00:00","og_image":[{"url":"https:\/\/egma.si\/wp-content\/uploads\/2021\/06\/slika7.jpg"}],"twitter_card":"summary_large_image","twitter_misc":{"Gesch\u00e4tzte Lesezeit":"1\u00a0Minute"},"schema":{"@context":"https:\/\/schema.org","@graph":[{"@type":"WebSite","@id":"https:\/\/egma.si\/#website","url":"https:\/\/egma.si\/","name":"Egma - elektro in\u0161talacije","description":"","potentialAction":[{"@type":"SearchAction","target":{"@type":"EntryPoint","urlTemplate":"https:\/\/egma.si\/?s={search_term_string}"},"query-input":"required name=search_term_string"}],"inLanguage":"de"},{"@type":"ImageObject","@id":"https:\/\/egma.si\/de\/sonstiges\/#primaryimage","inLanguage":"de","url":"https:\/\/egma.si\/wp-content\/uploads\/2021\/06\/slika7.jpg","contentUrl":"https:\/\/egma.si\/wp-content\/uploads\/2021\/06\/slika7.jpg","width":1920,"height":1440},{"@type":"WebPage","@id":"https:\/\/egma.si\/de\/sonstiges\/#webpage","url":"https:\/\/egma.si\/de\/sonstiges\/","name":"Sonstiges - Egma - elektro in\u0161talacije","isPartOf":{"@id":"https:\/\/egma.si\/#website"},"primaryImageOfPage":{"@id":"https:\/\/egma.si\/de\/sonstiges\/#primaryimage"},"datePublished":"2021-10-13T13:44:13+00:00","dateModified":"2021-10-13T13:53:21+00:00","breadcrumb":{"@id":"https:\/\/egma.si\/de\/sonstiges\/#breadcrumb"},"inLanguage":"de","potentialAction":[{"@type":"ReadAction","target":["https:\/\/egma.si\/de\/sonstiges\/"]}]},{"@type":"BreadcrumbList","@id":"https:\/\/egma.si\/de\/sonstiges\/#breadcrumb","itemListElement":[{"@type":"ListItem","position":1,"name":"Po\u010detna stranica","item":"https:\/\/egma.si\/de\/"},{"@type":"ListItem","position":2,"name":"Sonstiges"}]}]}},"_links":{"self":[{"href":"https:\/\/egma.si\/de\/wp-json\/wp\/v2\/pages\/1153","targetHints":{"allow":["GET"]}}],"collection":[{"href":"https:\/\/egma.si\/de\/wp-json\/wp\/v2\/pages"}],"about":[{"href":"https:\/\/egma.si\/de\/wp-json\/wp\/v2\/types\/page"}],"author":[{"embeddable":true,"href":"https:\/\/egma.si\/de\/wp-json\/wp\/v2\/users\/1"}],"replies":[{"embeddable":true,"href":"https:\/\/egma.si\/de\/wp-json\/wp\/v2\/comments?post=1153"}],"version-history":[{"count":4,"href":"https:\/\/egma.si\/de\/wp-json\/wp\/v2\/pages\/1153\/revisions"}],"predecessor-version":[{"id":1170,"href":"https:\/\/egma.si\/de\/wp-json\/wp\/v2\/pages\/1153\/revisions\/1170"}],"wp:attachment":[{"href":"https:\/\/egma.si\/de\/wp-json\/wp\/v2\/media?parent=1153"}],"curies":[{"name":"wp","href":"https:\/\/api.w.org\/{rel}","templated":true}]}}